{"id":90,"date":"2024-04-14T21:43:06","date_gmt":"2024-04-14T19:43:06","guid":{"rendered":"http:\/\/klubksiazkowy.eu\/?page_id=90"},"modified":"2024-04-14T22:10:06","modified_gmt":"2024-04-14T20:10:06","slug":"uzasadnienia-propozycji","status":"publish","type":"page","link":"https:\/\/klubksiazkowy.eu\/?page_id=90","title":{"rendered":"Uzasadnienia propozycji"},"content":{"rendered":"\n<p>Tutaj mo\u017cemy w komentarzach wpisywa\u0107 uzasadnienia zg\u0142aszanych propozycji. <\/p>\n\n\n\n<p>Prosz\u0119 o zaczynanie komentarza od wskazania tytu\u0142u i autora polecanej ksi\u0105\u017cki. Prosz\u0119 te\u017c o podpisywanie komentarzy.<\/p>\n\n\n\n<p><a href=\"http:\/\/klubksiazkowy.eu\/?page_id=90#comments\">Dodaj nowe uzasadnienie<\/a><\/p>\n","protected":false},"excerpt":{"rendered":"<p>Tutaj mo\u017cemy w komentarzach wpisywa\u0107 uzasadnienia zg\u0142aszanych propozycji. Prosz\u0119 o zaczynanie komentarza od wskazania tytu\u0142u i autora polecanej ksi\u0105\u017cki. Prosz\u0119 te\u017c o podpisywanie komentarzy. Dodaj nowe uzasadnienie<\/p>\n","protected":false},"author":1,"featured_media":0,"parent":0,"menu_order":0,"comment_status":"open","ping_status":"closed","template":"","meta":{"footnotes":""},"class_list":["post-90","page","type-page","status-publish","hentry"],"_links":{"self":[{"href":"https:\/\/klubksiazkowy.eu\/index.php?rest_route=\/wp\/v2\/pages\/90","targetHints":{"allow":["GET"]}}],"collection":[{"href":"https:\/\/klubksiazkowy.eu\/index.php?rest_route=\/wp\/v2\/pages"}],"about":[{"href":"https:\/\/klubksiazkowy.eu\/index.php?rest_route=\/wp\/v2\/types\/page"}],"author":[{"embeddable":true,"href":"https:\/\/klubksiazkowy.eu\/index.php?rest_route=\/wp\/v2\/users\/1"}],"replies":[{"embeddable":true,"href":"https:\/\/klubksiazkowy.eu\/index.php?rest_route=%2Fwp%2Fv2%2Fcomments&post=90"}],"version-history":[{"count":3,"href":"https:\/\/klubksiazkowy.eu\/index.php?rest_route=\/wp\/v2\/pages\/90\/revisions"}],"predecessor-version":[{"id":98,"href":"https:\/\/klubksiazkowy.eu\/index.php?rest_route=\/wp\/v2\/pages\/90\/revisions\/98"}],"wp:attachment":[{"href":"https:\/\/klubksiazkowy.eu\/index.php?rest_route=%2Fwp%2Fv2%2Fmedia&parent=90"}],"curies":[{"name":"wp","href":"https:\/\/api.w.org\/{rel}","templated":true}]}}